{"id":48,"date":"2025-05-05T14:39:24","date_gmt":"2025-05-05T14:39:24","guid":{"rendered":"https:\/\/hafenbar-muellrose.de\/?page_id=48"},"modified":"2025-05-05T17:36:19","modified_gmt":"2025-05-05T17:36:19","slug":"48-2","status":"publish","type":"page","link":"https:\/\/hafenbar-muellrose.de\/","title":{"rendered":"Willkommen"},"content":{"rendered":"<div id=\"pl-48\"  class=\"panel-layout\" ><div id=\"pg-48-0\"  class=\"panel-grid panel-no-style\" ><div id=\"pgc-48-0-0\"  class=\"panel-grid-cell\" ><div id=\"panel-48-0-0-0\" class=\"so-panel widget widget_text panel-first-child panel-last-child\" data-index=\"0\" >\t\t\t<div class=\"textwidget\"><p>Wir freuen uns, dass Sie den Weg zu uns gefunden haben.<\/p>\n<p>Von den \u00d6ffnungszeiten, \u00fcber Events, unsere Getr\u00e4nkekarte, die Bootsmietpreise\u00a0 und noch vieles mehr erwartet Sie auf den nachfolgenden Seiten.<\/p>\n<p>Unsere Seiten befinden sich gerade im Aufbau und werden st\u00e4ndig erg\u00e4nzt. Wir arbeiten mit Hochdruck daran und es lohnt sich ab und an wieder vorbeizuschauen.<\/p>\n<\/div>\n\t\t<\/div><\/div><\/div><div id=\"pg-48-1\"  class=\"panel-grid panel-no-style\" ><div id=\"pgc-48-1-0\"  class=\"panel-grid-cell\" ><div id=\"panel-48-1-0-0\" class=\"so-panel widget widget_media_image panel-first-child panel-last-child\" data-index=\"1\" ><img loading=\"lazy\" decoding=\"async\" width=\"300\" height=\"225\" src=\"https:\/\/hafenbar-muellrose.de\/wp-content\/uploads\/2025\/05\/start-1-300x225.jpg\" class=\"image wp-image-62  attachment-medium size-medium\" alt=\"\" style=\"max-width: 100%; height: auto;\" srcset=\"https:\/\/hafenbar-muellrose.de\/wp-content\/uploads\/2025\/05\/start-1-300x225.jpg 300w, https:\/\/hafenbar-muellrose.de\/wp-content\/uploads\/2025\/05\/start-1.jpg 640w\" sizes=\"auto, (max-width: 300px) 100vw, 300px\" \/><\/div><\/div><div id=\"pgc-48-1-1\"  class=\"panel-grid-cell\" ><div id=\"panel-48-1-1-0\" class=\"so-panel widget widget_media_image panel-first-child panel-last-child\" data-index=\"2\" ><img loading=\"lazy\" decoding=\"async\" width=\"300\" height=\"225\" src=\"https:\/\/hafenbar-muellrose.de\/wp-content\/uploads\/2025\/05\/start-2-300x225.jpg\" class=\"image wp-image-63  attachment-medium size-medium\" alt=\"\" style=\"max-width: 100%; height: auto;\" srcset=\"https:\/\/hafenbar-muellrose.de\/wp-content\/uploads\/2025\/05\/start-2-300x225.jpg 300w, https:\/\/hafenbar-muellrose.de\/wp-content\/uploads\/2025\/05\/start-2.jpg 640w\" sizes=\"auto, (max-width: 300px) 100vw, 300px\" \/><\/div><\/div><div id=\"pgc-48-1-2\"  class=\"panel-grid-cell\" ><div id=\"panel-48-1-2-0\" class=\"so-panel widget widget_media_image panel-first-child panel-last-child\" data-index=\"3\" ><img loading=\"lazy\" decoding=\"async\" width=\"300\" height=\"225\" src=\"https:\/\/hafenbar-muellrose.de\/wp-content\/uploads\/2025\/05\/start-3-300x225.jpg\" class=\"image wp-image-64  attachment-medium size-medium\" alt=\"\" style=\"max-width: 100%; height: auto;\" srcset=\"https:\/\/hafenbar-muellrose.de\/wp-content\/uploads\/2025\/05\/start-3-300x225.jpg 300w, https:\/\/hafenbar-muellrose.de\/wp-content\/uploads\/2025\/05\/start-3.jpg 640w\" sizes=\"auto, (max-width: 300px) 100vw, 300px\" \/><\/div><\/div><\/div><div id=\"pg-48-2\"  class=\"panel-grid panel-no-style\" ><div id=\"pgc-48-2-0\"  class=\"panel-grid-cell panel-grid-cell-empty\" ><\/div><\/div><\/div>","protected":false},"excerpt":{"rendered":"<p>Wir freuen uns, dass Sie den Weg zu uns gefunden haben. Von den \u00d6ffnungszeiten, \u00fcber Events, unsere Getr\u00e4nkekarte, die Bootsmietpreise\u00a0 und noch vieles mehr erwartet Sie auf den nachfolgenden Seiten. Unsere Seiten befinden sich gerade im Aufbau und werden st\u00e4ndig erg\u00e4nzt. Wir arbeiten mit Hochdruck daran und es lohnt sich [&hellip;]<\/p>\n","protected":false},"author":1,"featured_media":0,"parent":0,"menu_order":0,"comment_status":"closed","ping_status":"closed","template":"page-templates\/template-fullwidth.php","meta":{"footnotes":""},"class_list":["post-48","page","type-page","status-publish","hentry"],"_links":{"self":[{"href":"https:\/\/hafenbar-muellrose.de\/index.php?rest_route=\/wp\/v2\/pages\/48","targetHints":{"allow":["GET"]}}],"collection":[{"href":"https:\/\/hafenbar-muellrose.de\/index.php?rest_route=\/wp\/v2\/pages"}],"about":[{"href":"https:\/\/hafenbar-muellrose.de\/index.php?rest_route=\/wp\/v2\/types\/page"}],"author":[{"embeddable":true,"href":"https:\/\/hafenbar-muellrose.de\/index.php?rest_route=\/wp\/v2\/users\/1"}],"replies":[{"embeddable":true,"href":"https:\/\/hafenbar-muellrose.de\/index.php?rest_route=%2Fwp%2Fv2%2Fcomments&post=48"}],"version-history":[{"count":6,"href":"https:\/\/hafenbar-muellrose.de\/index.php?rest_route=\/wp\/v2\/pages\/48\/revisions"}],"predecessor-version":[{"id":101,"href":"https:\/\/hafenbar-muellrose.de\/index.php?rest_route=\/wp\/v2\/pages\/48\/revisions\/101"}],"wp:attachment":[{"href":"https:\/\/hafenbar-muellrose.de\/index.php?rest_route=%2Fwp%2Fv2%2Fmedia&parent=48"}],"curies":[{"name":"wp","href":"https:\/\/api.w.org\/{rel}","templated":true}]}}