{"id":110,"date":"2025-05-05T19:58:43","date_gmt":"2025-05-05T19:58:43","guid":{"rendered":"https:\/\/hafenbar-muellrose.de\/?page_id=110"},"modified":"2025-05-05T19:58:53","modified_gmt":"2025-05-05T19:58:53","slug":"impressum","status":"publish","type":"page","link":"https:\/\/hafenbar-muellrose.de\/?page_id=110","title":{"rendered":"Impressum"},"content":{"rendered":"<div id=\"pl-110\"  class=\"panel-layout\" ><div id=\"pg-110-0\"  class=\"panel-grid panel-no-style\" ><div id=\"pgc-110-0-0\"  class=\"panel-grid-cell\" ><div id=\"panel-110-0-0-0\" class=\"so-panel widget widget_text panel-first-child panel-last-child\" data-index=\"0\" >\t\t\t<div class=\"textwidget\"><h4>Impressum<\/h4>\n<p><img loading=\"lazy\" decoding=\"async\" class=\"wp-image-41  alignright\" src=\"https:\/\/hafenbar-muellrose.de\/wp-content\/uploads\/2025\/05\/sitelogo-1024x543.png\" alt=\"\" width=\"362\" height=\"192\" srcset=\"https:\/\/hafenbar-muellrose.de\/wp-content\/uploads\/2025\/05\/sitelogo-1024x543.png 1024w, https:\/\/hafenbar-muellrose.de\/wp-content\/uploads\/2025\/05\/sitelogo-300x159.png 300w, https:\/\/hafenbar-muellrose.de\/wp-content\/uploads\/2025\/05\/sitelogo-768x408.png 768w, https:\/\/hafenbar-muellrose.de\/wp-content\/uploads\/2025\/05\/sitelogo.png 1042w\" sizes=\"auto, (max-width: 362px) 100vw, 362px\" \/>Hafenbar M\u00fcllrose<br \/>\nInhaber: Simon Ziese<br \/>\nKietz 40<br \/>\n15299 M\u00fcllrose<br \/>\nDeutschland<\/p>\n<p>Mail: info@hafenbar-muellrose.de<br \/>\nTel.: +49 173 9042087<\/p>\n<p>Vertretungsberechtigter Gesellschafter: Simon Ziese<br \/>\nWebsite und Betreuung: WICOMedia &#8211; Digital Media Solution<\/p>\n<p>Umsatzsteuer-Identifikationsnummer gem\u00e4\u00df \u00a7 27 a Umsatzsteuergesetz:<\/p>\n<p>Plattform der EU-Kommission zur Online-Streitbeilegung: <a href=\"https:\/\/ec.europa.eu\/odr\" target=\"_blank\" rel=\"noopener\">https:\/\/ec.europa.eu\/odr<\/a><\/p>\n<p>Wir sind zur Teilnahme an einem Streitbeilegungsverfahren vor einer Verbraucherschlichtungsstelle weder verpflichtet noch bereit.<\/p>\n<p>&nbsp;<\/p>\n<h3>Keine Abmahnung ohne vorherigen Kontakt!<\/h3>\n<p>Sollte irgendwelcher Inhalt oder die designtechnische Gestaltung einzelner Seiten oder Teile dieser Webseite fremde Rechte Dritter oder gesetzliche Bestimmungen verletzen oder anderweitig in irgendeiner Form wettbewerbsrechtliche Probleme hervorbringen, so bitten wir unter Berufung auf \u00a7 8 Abs. 4 UWG, um eine angemessene, ausreichend erl\u00e4uternde und schnelle Nachricht ohne Kostennote.<\/p>\n<p>Wir garantieren, dass die zu Recht beanstandeten Passagen oder Teile dieser Webseiten in angemessener Frist entfernt bzw. den rechtlichen Vorgaben umf\u00e4nglich angepasst werden, ohne dass von Ihrer Seite die Einschaltung eines Rechtsbeistandes erforderlich ist.<br \/>\nDie Einschaltung eines Anwaltes, zur f\u00fcr den Dienstanbieter kostenpflichtigen Abmahnung, entspricht nicht dessen wirklichen oder mutma\u00dflichen Willen und w\u00fcrde damit einen Versto\u00df gegen \u00a7 13 Abs. 5 UWG, wegen der Verfolgung sachfremder Ziele als beherrschendes Motiv der Verfahrenseinleitung, insbesondere einer Kostenerzielungsabsicht als eigentliche Triebfeder, sowie einen Versto\u00df gegen die Schadensminderungspflicht darstellen.<\/p>\n<\/div>\n\t\t<\/div><\/div><\/div><div id=\"pg-110-1\"  class=\"panel-grid panel-no-style\" ><div id=\"pgc-110-1-0\"  class=\"panel-grid-cell panel-grid-cell-empty\" ><\/div><\/div><\/div>","protected":false},"excerpt":{"rendered":"<p>Impressum Hafenbar M\u00fcllrose Inhaber: Simon Ziese Kietz 40 15299 M\u00fcllrose Deutschland Mail: info@hafenbar-muellrose.de Tel.: +49 173 9042087 Vertretungsberechtigter Gesellschafter: Simon Ziese Website und Betreuung: WICOMedia &#8211; Digital Media Solution Umsatzsteuer-Identifikationsnummer gem\u00e4\u00df \u00a7 27 a Umsatzsteuergesetz: Plattform der EU-Kommission zur Online-Streitbeilegung: https:\/\/ec.europa.eu\/odr Wir sind zur Teilnahme an einem Streitbeilegungsverfahren vor einer [&hellip;]<\/p>\n","protected":false},"author":2,"featured_media":0,"parent":0,"menu_order":0,"comment_status":"closed","ping_status":"closed","template":"page-templates\/template-fullwidth.php","meta":{"footnotes":""},"class_list":["post-110","page","type-page","status-publish","hentry"],"_links":{"self":[{"href":"https:\/\/hafenbar-muellrose.de\/index.php?rest_route=\/wp\/v2\/pages\/110","targetHints":{"allow":["GET"]}}],"collection":[{"href":"https:\/\/hafenbar-muellrose.de\/index.php?rest_route=\/wp\/v2\/pages"}],"about":[{"href":"https:\/\/hafenbar-muellrose.de\/index.php?rest_route=\/wp\/v2\/types\/page"}],"author":[{"embeddable":true,"href":"https:\/\/hafenbar-muellrose.de\/index.php?rest_route=\/wp\/v2\/users\/2"}],"replies":[{"embeddable":true,"href":"https:\/\/hafenbar-muellrose.de\/index.php?rest_route=%2Fwp%2Fv2%2Fcomments&post=110"}],"version-history":[{"count":1,"href":"https:\/\/hafenbar-muellrose.de\/index.php?rest_route=\/wp\/v2\/pages\/110\/revisions"}],"predecessor-version":[{"id":111,"href":"https:\/\/hafenbar-muellrose.de\/index.php?rest_route=\/wp\/v2\/pages\/110\/revisions\/111"}],"wp:attachment":[{"href":"https:\/\/hafenbar-muellrose.de\/index.php?rest_route=%2Fwp%2Fv2%2Fmedia&parent=110"}],"curies":[{"name":"wp","href":"https:\/\/api.w.org\/{rel}","templated":true}]}}